{"id":12,"date":"2025-05-27T17:15:52","date_gmt":"2025-05-27T17:15:52","guid":{"rendered":"https:\/\/hondamotosaguachica.com\/?page_id=12"},"modified":"2025-05-28T13:35:52","modified_gmt":"2025-05-28T13:35:52","slug":"proceso-actualizacion","status":"publish","type":"page","link":"https:\/\/hondamotosaguachica.com\/","title":{"rendered":"Estamos en Actualizaci\u00f3n"},"content":{"rendered":"\t\t<div data-elementor-type=\"wp-page\" data-elementor-id=\"12\" class=\"elementor elementor-12\" data-elementor-post-type=\"page\">\n\t\t\t\t<div class=\"elementor-element elementor-element-96941d1 e-con-full e-flex e-con e-parent\" data-id=\"96941d1\" data-element_type=\"container\" data-settings=\"{&quot;background_background&quot;:&quot;classic&quot;}\">\n\t\t\t\t<\/div>\n\t\t<div class=\"elementor-element elementor-element-764030f e-con-full e-flex e-con e-parent\" data-id=\"764030f\" data-element_type=\"container\" data-settings=\"{&quot;background_background&quot;:&quot;gradient&quot;}\">\n\t\t<div class=\"elementor-element elementor-element-0f11ebf e-con-full e-flex e-con e-child\" data-id=\"0f11ebf\" data-element_type=\"container\">\n\t\t\t\t<div class=\"elementor-element elementor-element-da401ec elementor-widget elementor-widget-heading\" data-id=\"da401ec\" data-element_type=\"widget\" data-widget_type=\"heading.default\">\n\t\t\t\t<div class=\"elementor-widget-container\">\n\t\t\t\t\t<span class=\"elementor-heading-title elementor-size-default\">Pronto Estaremos de Vuelta<\/span>\t\t\t\t<\/div>\n\t\t\t\t<\/div>\n\t\t\t\t<\/div>\n\t\t<div class=\"elementor-element elementor-element-88f8eec e-con-full e-flex e-con e-child\" data-id=\"88f8eec\" data-element_type=\"container\">\n\t\t\t\t<div class=\"elementor-element elementor-element-4d694ed elementor-widget elementor-widget-image\" data-id=\"4d694ed\" data-element_type=\"widget\" data-widget_type=\"image.default\">\n\t\t\t\t<div class=\"elementor-widget-container\">\n\t\t\t\t\t\t\t\t\t\t\t\t\t\t\t<img fetchpriority=\"high\" decoding=\"async\" width=\"836\" height=\"1024\" src=\"https:\/\/hondamotosaguachica.com\/wp-content\/uploads\/2025\/05\/Copia-de-LOGO-HONDA-AGUACHICA-836x1024.png\" class=\"attachment-large size-large wp-image-56\" alt=\"\" srcset=\"https:\/\/hondamotosaguachica.com\/wp-content\/uploads\/2025\/05\/Copia-de-LOGO-HONDA-AGUACHICA-836x1024.png 836w, https:\/\/hondamotosaguachica.com\/wp-content\/uploads\/2025\/05\/Copia-de-LOGO-HONDA-AGUACHICA-245x300.png 245w, https:\/\/hondamotosaguachica.com\/wp-content\/uploads\/2025\/05\/Copia-de-LOGO-HONDA-AGUACHICA-768x940.png 768w, https:\/\/hondamotosaguachica.com\/wp-content\/uploads\/2025\/05\/Copia-de-LOGO-HONDA-AGUACHICA-1254x1536.png 1254w, https:\/\/hondamotosaguachica.com\/wp-content\/uploads\/2025\/05\/Copia-de-LOGO-HONDA-AGUACHICA.png 1358w\" sizes=\"(max-width: 836px) 100vw, 836px\" \/>\t\t\t\t\t\t\t\t\t\t\t\t\t\t\t<\/div>\n\t\t\t\t<\/div>\n\t\t\t\t<\/div>\n\t\t<div class=\"elementor-element elementor-element-26c3035 e-con-full e-flex e-con e-child\" data-id=\"26c3035\" data-element_type=\"container\">\n\t\t\t\t<div class=\"elementor-element elementor-element-becb590 elementor-position-left elementor-vertical-align-middle elementor-view-default elementor-mobile-position-top elementor-widget elementor-widget-icon-box\" data-id=\"becb590\" data-element_type=\"widget\" data-widget_type=\"icon-box.default\">\n\t\t\t\t<div class=\"elementor-widget-container\">\n\t\t\t\t\t\t\t<div class=\"elementor-icon-box-wrapper\">\n\n\t\t\t\t\t\t<div class=\"elementor-icon-box-icon\">\n\t\t\t\t<a href=\"tel:573044684805\" class=\"elementor-icon\" tabindex=\"-1\" aria-label=\"Celular\">\n\t\t\t\t<svg aria-hidden=\"true\" class=\"e-font-icon-svg e-fas-phone-alt\" viewBox=\"0 0 512 512\" xmlns=\"http:\/\/www.w3.org\/2000\/svg\"><path d=\"M497.39 361.8l-112-48a24 24 0 0 0-28 6.9l-49.6 60.6A370.66 370.66 0 0 1 130.6 204.11l60.6-49.6a23.94 23.94 0 0 0 6.9-28l-48-112A24.16 24.16 0 0 0 122.6.61l-104 24A24 24 0 0 0 0 48c0 256.5 207.9 464 464 464a24 24 0 0 0 23.4-18.6l24-104a24.29 24.29 0 0 0-14.01-27.6z\"><\/path><\/svg>\t\t\t\t<\/a>\n\t\t\t<\/div>\n\t\t\t\n\t\t\t\t\t\t<div class=\"elementor-icon-box-content\">\n\n\t\t\t\t\t\t\t\t\t<h3 class=\"elementor-icon-box-title\">\n\t\t\t\t\t\t<a href=\"tel:573044684805\" >\n\t\t\t\t\t\t\tCelular\t\t\t\t\t\t<\/a>\n\t\t\t\t\t<\/h3>\n\t\t\t\t\n\t\t\t\t\t\t\t\t\t<p class=\"elementor-icon-box-description\">\n\t\t\t\t\t\t+57 304 468 4805\t\t\t\t\t<\/p>\n\t\t\t\t\n\t\t\t<\/div>\n\t\t\t\n\t\t<\/div>\n\t\t\t\t\t\t<\/div>\n\t\t\t\t<\/div>\n\t\t\t\t<div class=\"elementor-element elementor-element-02ed5c8 elementor-position-left elementor-vertical-align-middle elementor-view-default elementor-mobile-position-top elementor-widget elementor-widget-icon-box\" data-id=\"02ed5c8\" data-element_type=\"widget\" data-widget_type=\"icon-box.default\">\n\t\t\t\t<div class=\"elementor-widget-container\">\n\t\t\t\t\t\t\t<div class=\"elementor-icon-box-wrapper\">\n\n\t\t\t\t\t\t<div class=\"elementor-icon-box-icon\">\n\t\t\t\t<a href=\"https:\/\/www.waze.com\/es\/live-map\/directions\/co\/cesar\/aguachica\/cl.-5-27a-38?to=place.ChIJU46pb3-FXY4RcpDAVjsmHeU\" class=\"elementor-icon\" tabindex=\"-1\" aria-label=\"Direcci\u00f3n\">\n\t\t\t\t<svg aria-hidden=\"true\" class=\"e-font-icon-svg e-fas-location-arrow\" viewBox=\"0 0 512 512\" xmlns=\"http:\/\/www.w3.org\/2000\/svg\"><path d=\"M444.52 3.52L28.74 195.42c-47.97 22.39-31.98 92.75 19.19 92.75h175.91v175.91c0 51.17 70.36 67.17 92.75 19.19l191.9-415.78c15.99-38.39-25.59-79.97-63.97-63.97z\"><\/path><\/svg>\t\t\t\t<\/a>\n\t\t\t<\/div>\n\t\t\t\n\t\t\t\t\t\t<div class=\"elementor-icon-box-content\">\n\n\t\t\t\t\t\t\t\t\t<h3 class=\"elementor-icon-box-title\">\n\t\t\t\t\t\t<a href=\"https:\/\/www.waze.com\/es\/live-map\/directions\/co\/cesar\/aguachica\/cl.-5-27a-38?to=place.ChIJU46pb3-FXY4RcpDAVjsmHeU\" >\n\t\t\t\t\t\t\tDirecci\u00f3n\t\t\t\t\t\t<\/a>\n\t\t\t\t\t<\/h3>\n\t\t\t\t\n\t\t\t\t\t\t\t\t\t<p class=\"elementor-icon-box-description\">\n\t\t\t\t\t\tCalle 5 # 27A - 38 Barrio La Uni\u00f3n, Aguachica, Colombia\t\t\t\t\t<\/p>\n\t\t\t\t\n\t\t\t<\/div>\n\t\t\t\n\t\t<\/div>\n\t\t\t\t\t\t<\/div>\n\t\t\t\t<\/div>\n\t\t\t\t<\/div>\n\t\t\t\t<\/div>\n\t\t\t\t<\/div>\n\t\t","protected":false},"excerpt":{"rendered":"<p>Pronto Estaremos de Vuelta Celular +57 304 468 4805 Direcci\u00f3n Calle 5 # 27A &#8211; 38 Barrio La Uni\u00f3n, Aguachica, [&hellip;]<\/p>\n","protected":false},"author":1,"featured_media":0,"parent":0,"menu_order":0,"comment_status":"closed","ping_status":"closed","template":"elementor_canvas","meta":{"site-sidebar-layout":"no-sidebar","site-content-layout":"","ast-site-content-layout":"full-width-container","site-content-style":"default","site-sidebar-style":"default","ast-global-header-display":"","ast-banner-title-visibility":"","ast-main-header-display":"","ast-hfb-above-header-display":"","ast-hfb-below-header-display":"","ast-hfb-mobile-header-display":"","site-post-title":"disabled","ast-breadcrumbs-content":"","ast-featured-img":"disabled","footer-sml-layout":"","theme-transparent-header-meta":"","adv-header-id-meta":"","stick-header-meta":"","header-above-stick-meta":"","header-main-stick-meta":"","header-below-stick-meta":"","astra-migrate-meta-layouts":"default","ast-page-background-enabled":"default","ast-page-background-meta":{"desktop":{"background-color":"var(--ast-global-color-5)","background-image":"","background-repeat":"repeat","background-position":"center center","background-size":"auto","background-attachment":"scroll","background-type":"","background-media":"","overlay-type":"","overlay-color":"","overlay-opacity":"","overlay-gradient":""},"tablet":{"background-color":"","background-image":"","background-repeat":"repeat","background-position":"center center","background-size":"auto","background-attachment":"scroll","background-type":"","background-media":"","overlay-type":"","overlay-color":"","overlay-opacity":"","overlay-gradient":""},"mobile":{"background-color":"","background-image":"","background-repeat":"repeat","background-position":"center center","background-size":"auto","background-attachment":"scroll","background-type":"","background-media":"","overlay-type":"","overlay-color":"","overlay-opacity":"","overlay-gradient":""}},"ast-content-background-meta":{"desktop":{"background-color":"var(--ast-global-color-4)","background-image":"","background-repeat":"repeat","background-position":"center center","background-size":"auto","background-attachment":"scroll","background-type":"","background-media":"","overlay-type":"","overlay-color":"","overlay-opacity":"","overlay-gradient":""},"tablet":{"background-color":"var(--ast-global-color-4)","background-image":"","background-repeat":"repeat","background-position":"center center","background-size":"auto","background-attachment":"scroll","background-type":"","background-media":"","overlay-type":"","overlay-color":"","overlay-opacity":"","overlay-gradient":""},"mobile":{"background-color":"var(--ast-global-color-4)","background-image":"","background-repeat":"repeat","background-position":"center center","background-size":"auto","background-attachment":"scroll","background-type":"","background-media":"","overlay-type":"","overlay-color":"","overlay-opacity":"","overlay-gradient":""}},"footnotes":""},"class_list":["post-12","page","type-page","status-publish","hentry"],"yoast_head":"<!-- This site is optimized with the Yoast SEO plugin v25.2 - https:\/\/yoast.com\/wordpress\/plugins\/seo\/ -->\n<title>Estamos en Actualizaci\u00f3n - Honda Motos Aguachica<\/title>\n<meta name=\"robots\" content=\"index, follow, max-snippet:-1, max-image-preview:large, max-video-preview:-1\" \/>\n<link rel=\"canonical\" href=\"https:\/\/hondamotosaguachica.com\/\" \/>\n<meta property=\"og:locale\" content=\"es_ES\" \/>\n<meta property=\"og:type\" content=\"article\" \/>\n<meta property=\"og:title\" content=\"Estamos en Actualizaci\u00f3n - Honda Motos Aguachica\" \/>\n<meta property=\"og:description\" content=\"Pronto Estaremos de Vuelta Celular +57 304 468 4805 Direcci\u00f3n Calle 5 # 27A &#8211; 38 Barrio La Uni\u00f3n, Aguachica, [&hellip;]\" \/>\n<meta property=\"og:url\" content=\"https:\/\/hondamotosaguachica.com\/\" \/>\n<meta property=\"og:site_name\" content=\"Honda Motos Aguachica\" \/>\n<meta property=\"article:modified_time\" content=\"2025-05-28T13:35:52+00:00\" \/>\n<meta property=\"og:image\" content=\"https:\/\/hondamotosaguachica.com\/wp-content\/uploads\/2025\/05\/Copia-de-LOGO-HONDA-AGUACHICA.png\" \/>\n\t<meta property=\"og:image:width\" content=\"1358\" \/>\n\t<meta property=\"og:image:height\" content=\"1663\" \/>\n\t<meta property=\"og:image:type\" content=\"image\/png\" \/>\n<meta name=\"twitter:card\" content=\"summary_large_image\" \/>\n<meta name=\"twitter:label1\" content=\"Tiempo de lectura\" \/>\n\t<meta name=\"twitter:data1\" content=\"1 minuto\" \/>\n<script type=\"application\/ld+json\" class=\"yoast-schema-graph\">{\"@context\":\"https:\/\/schema.org\",\"@graph\":[{\"@type\":\"WebPage\",\"@id\":\"https:\/\/hondamotosaguachica.com\/\",\"url\":\"https:\/\/hondamotosaguachica.com\/\",\"name\":\"Estamos en Actualizaci\u00f3n - Honda Motos Aguachica\",\"isPartOf\":{\"@id\":\"https:\/\/hondamotosaguachica.com\/#website\"},\"primaryImageOfPage\":{\"@id\":\"https:\/\/hondamotosaguachica.com\/#primaryimage\"},\"image\":{\"@id\":\"https:\/\/hondamotosaguachica.com\/#primaryimage\"},\"thumbnailUrl\":\"https:\/\/hondamotosaguachica.com\/wp-content\/uploads\/2025\/05\/Copia-de-LOGO-HONDA-AGUACHICA-836x1024.png\",\"datePublished\":\"2025-05-27T17:15:52+00:00\",\"dateModified\":\"2025-05-28T13:35:52+00:00\",\"breadcrumb\":{\"@id\":\"https:\/\/hondamotosaguachica.com\/#breadcrumb\"},\"inLanguage\":\"es\",\"potentialAction\":[{\"@type\":\"ReadAction\",\"target\":[\"https:\/\/hondamotosaguachica.com\/\"]}]},{\"@type\":\"ImageObject\",\"inLanguage\":\"es\",\"@id\":\"https:\/\/hondamotosaguachica.com\/#primaryimage\",\"url\":\"https:\/\/hondamotosaguachica.com\/wp-content\/uploads\/2025\/05\/Copia-de-LOGO-HONDA-AGUACHICA.png\",\"contentUrl\":\"https:\/\/hondamotosaguachica.com\/wp-content\/uploads\/2025\/05\/Copia-de-LOGO-HONDA-AGUACHICA.png\",\"width\":1358,\"height\":1663},{\"@type\":\"BreadcrumbList\",\"@id\":\"https:\/\/hondamotosaguachica.com\/#breadcrumb\",\"itemListElement\":[{\"@type\":\"ListItem\",\"position\":1,\"name\":\"Portada\",\"item\":\"https:\/\/hondamotosaguachica.com\/\"},{\"@type\":\"ListItem\",\"position\":2,\"name\":\"Estamos en Actualizaci\u00f3n\"}]},{\"@type\":\"WebSite\",\"@id\":\"https:\/\/hondamotosaguachica.com\/#website\",\"url\":\"https:\/\/hondamotosaguachica.com\/\",\"name\":\"Honda Motos Aguachica\",\"description\":\"\",\"publisher\":{\"@id\":\"https:\/\/hondamotosaguachica.com\/#organization\"},\"potentialAction\":[{\"@type\":\"SearchAction\",\"target\":{\"@type\":\"EntryPoint\",\"urlTemplate\":\"https:\/\/hondamotosaguachica.com\/?s={search_term_string}\"},\"query-input\":{\"@type\":\"PropertyValueSpecification\",\"valueRequired\":true,\"valueName\":\"search_term_string\"}}],\"inLanguage\":\"es\"},{\"@type\":\"Organization\",\"@id\":\"https:\/\/hondamotosaguachica.com\/#organization\",\"name\":\"Honda Motos Aguachica\",\"url\":\"https:\/\/hondamotosaguachica.com\/\",\"logo\":{\"@type\":\"ImageObject\",\"inLanguage\":\"es\",\"@id\":\"https:\/\/hondamotosaguachica.com\/#\/schema\/logo\/image\/\",\"url\":\"https:\/\/hondamotosaguachica.com\/wp-content\/uploads\/2025\/05\/honda-motos-aguachica-2.png\",\"contentUrl\":\"https:\/\/hondamotosaguachica.com\/wp-content\/uploads\/2025\/05\/honda-motos-aguachica-2.png\",\"width\":256,\"height\":256,\"caption\":\"Honda Motos Aguachica\"},\"image\":{\"@id\":\"https:\/\/hondamotosaguachica.com\/#\/schema\/logo\/image\/\"}}]}<\/script>\n<!-- \/ Yoast SEO plugin. -->","yoast_head_json":{"title":"Estamos en Actualizaci\u00f3n - Honda Motos Aguachica","robots":{"index":"index","follow":"follow","max-snippet":"max-snippet:-1","max-image-preview":"max-image-preview:large","max-video-preview":"max-video-preview:-1"},"canonical":"https:\/\/hondamotosaguachica.com\/","og_locale":"es_ES","og_type":"article","og_title":"Estamos en Actualizaci\u00f3n - Honda Motos Aguachica","og_description":"Pronto Estaremos de Vuelta Celular +57 304 468 4805 Direcci\u00f3n Calle 5 # 27A &#8211; 38 Barrio La Uni\u00f3n, Aguachica, [&hellip;]","og_url":"https:\/\/hondamotosaguachica.com\/","og_site_name":"Honda Motos Aguachica","article_modified_time":"2025-05-28T13:35:52+00:00","og_image":[{"width":1358,"height":1663,"url":"https:\/\/hondamotosaguachica.com\/wp-content\/uploads\/2025\/05\/Copia-de-LOGO-HONDA-AGUACHICA.png","type":"image\/png"}],"twitter_card":"summary_large_image","twitter_misc":{"Tiempo de lectura":"1 minuto"},"schema":{"@context":"https:\/\/schema.org","@graph":[{"@type":"WebPage","@id":"https:\/\/hondamotosaguachica.com\/","url":"https:\/\/hondamotosaguachica.com\/","name":"Estamos en Actualizaci\u00f3n - Honda Motos Aguachica","isPartOf":{"@id":"https:\/\/hondamotosaguachica.com\/#website"},"primaryImageOfPage":{"@id":"https:\/\/hondamotosaguachica.com\/#primaryimage"},"image":{"@id":"https:\/\/hondamotosaguachica.com\/#primaryimage"},"thumbnailUrl":"https:\/\/hondamotosaguachica.com\/wp-content\/uploads\/2025\/05\/Copia-de-LOGO-HONDA-AGUACHICA-836x1024.png","datePublished":"2025-05-27T17:15:52+00:00","dateModified":"2025-05-28T13:35:52+00:00","breadcrumb":{"@id":"https:\/\/hondamotosaguachica.com\/#breadcrumb"},"inLanguage":"es","potentialAction":[{"@type":"ReadAction","target":["https:\/\/hondamotosaguachica.com\/"]}]},{"@type":"ImageObject","inLanguage":"es","@id":"https:\/\/hondamotosaguachica.com\/#primaryimage","url":"https:\/\/hondamotosaguachica.com\/wp-content\/uploads\/2025\/05\/Copia-de-LOGO-HONDA-AGUACHICA.png","contentUrl":"https:\/\/hondamotosaguachica.com\/wp-content\/uploads\/2025\/05\/Copia-de-LOGO-HONDA-AGUACHICA.png","width":1358,"height":1663},{"@type":"BreadcrumbList","@id":"https:\/\/hondamotosaguachica.com\/#breadcrumb","itemListElement":[{"@type":"ListItem","position":1,"name":"Portada","item":"https:\/\/hondamotosaguachica.com\/"},{"@type":"ListItem","position":2,"name":"Estamos en Actualizaci\u00f3n"}]},{"@type":"WebSite","@id":"https:\/\/hondamotosaguachica.com\/#website","url":"https:\/\/hondamotosaguachica.com\/","name":"Honda Motos Aguachica","description":"","publisher":{"@id":"https:\/\/hondamotosaguachica.com\/#organization"},"potentialAction":[{"@type":"SearchAction","target":{"@type":"EntryPoint","urlTemplate":"https:\/\/hondamotosaguachica.com\/?s={search_term_string}"},"query-input":{"@type":"PropertyValueSpecification","valueRequired":true,"valueName":"search_term_string"}}],"inLanguage":"es"},{"@type":"Organization","@id":"https:\/\/hondamotosaguachica.com\/#organization","name":"Honda Motos Aguachica","url":"https:\/\/hondamotosaguachica.com\/","logo":{"@type":"ImageObject","inLanguage":"es","@id":"https:\/\/hondamotosaguachica.com\/#\/schema\/logo\/image\/","url":"https:\/\/hondamotosaguachica.com\/wp-content\/uploads\/2025\/05\/honda-motos-aguachica-2.png","contentUrl":"https:\/\/hondamotosaguachica.com\/wp-content\/uploads\/2025\/05\/honda-motos-aguachica-2.png","width":256,"height":256,"caption":"Honda Motos Aguachica"},"image":{"@id":"https:\/\/hondamotosaguachica.com\/#\/schema\/logo\/image\/"}}]}},"_links":{"self":[{"href":"https:\/\/hondamotosaguachica.com\/index.php\/wp-json\/wp\/v2\/pages\/12","targetHints":{"allow":["GET"]}}],"collection":[{"href":"https:\/\/hondamotosaguachica.com\/index.php\/wp-json\/wp\/v2\/pages"}],"about":[{"href":"https:\/\/hondamotosaguachica.com\/index.php\/wp-json\/wp\/v2\/types\/page"}],"author":[{"embeddable":true,"href":"https:\/\/hondamotosaguachica.com\/index.php\/wp-json\/wp\/v2\/users\/1"}],"replies":[{"embeddable":true,"href":"https:\/\/hondamotosaguachica.com\/index.php\/wp-json\/wp\/v2\/comments?post=12"}],"version-history":[{"count":100,"href":"https:\/\/hondamotosaguachica.com\/index.php\/wp-json\/wp\/v2\/pages\/12\/revisions"}],"predecessor-version":[{"id":124,"href":"https:\/\/hondamotosaguachica.com\/index.php\/wp-json\/wp\/v2\/pages\/12\/revisions\/124"}],"wp:attachment":[{"href":"https:\/\/hondamotosaguachica.com\/index.php\/wp-json\/wp\/v2\/media?parent=12"}],"curies":[{"name":"wp","href":"https:\/\/api.w.org\/{rel}","templated":true}]}}